{"id":144,"date":"2015-07-23T13:18:39","date_gmt":"2015-07-23T13:18:39","guid":{"rendered":"http:\/\/www.aquakleen.se\/?page_id=144"},"modified":"2025-05-19T12:20:59","modified_gmt":"2025-05-19T12:20:59","slug":"demonstrations","status":"publish","type":"page","link":"https:\/\/www.aquakleen.se\/?page_id=144","title":{"rendered":"Information"},"content":{"rendered":"<h4 style=\"text-align: left;\">V\u00e5rt m\u00e5l \u00e4r att erbjuda<strong> &#8216;The ULTIMATE Concentrated Cleaner&#8217;<\/strong><\/h4>\n<h4 style=\"text-align: left;\">Vill du ha en produkt som \u00e4r st\u00e4rkt samt omt\u00e5lig, m\u00e5ngsidig och flexibel. L\u00e5ter underb\u00e4rt eller hur? Den \u00e4r.\u00a0<\/h4>\n<h4 style=\"text-align: left;\">Den koncentrerade AQUAKLEEN ger dig m\u00f6jligheten att justera\u00a0 till din behov. I bilden nedan anger vi v\u00e5ra anv\u00e4ndnings rekommendationer:<\/h4>\n<p><a href=\"http:\/\/www.aquakleen.se\/wp-content\/uploads\/2014\/09\/Aqua-kleen-sheet-2-page-001.jpg\"><img loading=\"lazy\" decoding=\"async\" class=\"size-medium wp-image-31 aligncenter\" src=\"http:\/\/www.aquakleen.se\/wp-content\/uploads\/2014\/09\/Aqua-kleen-sheet-2-page-001-231x300.jpg\" alt=\"Aqua kleen sheet 2-page-001\" width=\"231\" height=\"300\" srcset=\"https:\/\/www.aquakleen.se\/wp-content\/uploads\/2014\/09\/Aqua-kleen-sheet-2-page-001-231x300.jpg 231w, https:\/\/www.aquakleen.se\/wp-content\/uploads\/2014\/09\/Aqua-kleen-sheet-2-page-001-791x1024.jpg 791w, https:\/\/www.aquakleen.se\/wp-content\/uploads\/2014\/09\/Aqua-kleen-sheet-2-page-001.jpg 1275w\" sizes=\"auto, (max-width: 231px) 100vw, 231px\" \/><\/a><\/p>\n<h5 style=\"text-align: center;\">1250 SEK per 5 liter dunk av Aquakleens koncentrat<\/h5>\n<h5 style=\"text-align: center;\">M\u00e4ngdrabatt: 2500 SEK f\u00f6r 3&#215;5 Liter (K\u00f6p 2 f\u00e5 1 gratis)<\/h5>\n<h4>\u00a0Kontaka oss:<\/h4>\n<h4 style=\"text-align: left;\">Via mobil: (+46) 736 90 37 66<\/h4>\n<h4 style=\"text-align: left;\">Via mail: aquakleenprodukter@icloud.com<\/h4>\n<h4 style=\"text-align: center;\"><strong>Vi p\u00e5 AQUAKLEEN \u00f6nskar er en sk\u00f6n och ren dag!<\/strong><\/h4>\n<p style=\"text-align: center;\">&#8212;<\/p>\n<h4 style=\"text-align: center;\">\u00a0 Orgnr: 770408-0303\u00a0 \u00a0Bankgiro nr: 105-3594\u00a0<\/h4>\n\n\n<p><\/p>\n","protected":false},"excerpt":{"rendered":"<p>V\u00e5rt m\u00e5l \u00e4r att erbjuda &#8216;The ULTIMATE Concentrated Cleaner&#8217; Vill du ha en produkt som \u00e4r st\u00e4rkt samt omt\u00e5lig, m\u00e5ngsidig och flexibel. L\u00e5ter underb\u00e4rt eller hur? Den \u00e4r.\u00a0 Den koncentrerade AQUAKLEEN ger dig m\u00f6jligheten att justera\u00a0 till din behov. I bilden nedan anger vi v\u00e5ra anv\u00e4ndnings rekommendationer: 1250 SEK per 5 liter dunk av Aquakleens &hellip; <\/p>\n<p class=\"link-more\"><a href=\"https:\/\/www.aquakleen.se\/?page_id=144\" class=\"more-link\">Continue reading<span class=\"screen-reader-text\"> &#8220;Information&#8221;<\/span><\/a><\/p>\n","protected":false},"author":1,"featured_media":170,"parent":0,"menu_order":0,"comment_status":"closed","ping_status":"open","template":"","meta":{"footnotes":""},"class_list":["post-144","page","type-page","status-publish","has-post-thumbnail","hentry","entry"],"_links":{"self":[{"href":"https:\/\/www.aquakleen.se\/index.php?rest_route=\/wp\/v2\/pages\/144","targetHints":{"allow":["GET"]}}],"collection":[{"href":"https:\/\/www.aquakleen.se\/index.php?rest_route=\/wp\/v2\/pages"}],"about":[{"href":"https:\/\/www.aquakleen.se\/index.php?rest_route=\/wp\/v2\/types\/page"}],"author":[{"embeddable":true,"href":"https:\/\/www.aquakleen.se\/index.php?rest_route=\/wp\/v2\/users\/1"}],"replies":[{"embeddable":true,"href":"https:\/\/www.aquakleen.se\/index.php?rest_route=%2Fwp%2Fv2%2Fcomments&post=144"}],"version-history":[{"count":62,"href":"https:\/\/www.aquakleen.se\/index.php?rest_route=\/wp\/v2\/pages\/144\/revisions"}],"predecessor-version":[{"id":441,"href":"https:\/\/www.aquakleen.se\/index.php?rest_route=\/wp\/v2\/pages\/144\/revisions\/441"}],"wp:featuredmedia":[{"embeddable":true,"href":"https:\/\/www.aquakleen.se\/index.php?rest_route=\/wp\/v2\/media\/170"}],"wp:attachment":[{"href":"https:\/\/www.aquakleen.se\/index.php?rest_route=%2Fwp%2Fv2%2Fmedia&parent=144"}],"curies":[{"name":"wp","href":"https:\/\/api.w.org\/{rel}","templated":true}]}}